{"id":19,"date":"2025-10-23T21:32:03","date_gmt":"2025-10-23T21:32:03","guid":{"rendered":"https:\/\/2025.piensalibre.lat\/?page_id=19"},"modified":"2026-03-01T06:34:27","modified_gmt":"2026-03-01T00:34:27","slug":"contacto","status":"publish","type":"page","link":"https:\/\/piensalibre.lat\/index.php\/contacto\/","title":{"rendered":"Contacto"},"content":{"rendered":"\n<p class=\"has-text-align-center has-medium-font-size\">Contacto de Prensa, coordinaci\u00f3n y consultas v\u00eda WhatsApp:<br>Reiner Retana: +506 6036 7353<br>Claudio Ansorena: +506 8391 1911<br>Correo electr\u00f3nico: coordinacion@piensalibre.lat<\/p>\n","protected":false},"excerpt":{"rendered":"<p>Contacto de Prensa, coordinaci\u00f3n y consultas v\u00eda WhatsApp:Reiner Retana: +506 6036 7353Claudio Ansorena: +506 8391 1911Correo electr\u00f3nico: coordinacion@piensalibre.lat<\/p>\n","protected":false},"author":1,"featured_media":0,"parent":0,"menu_order":0,"comment_status":"closed","ping_status":"closed","template":"","meta":{"ngg_post_thumbnail":0,"footnotes":""},"class_list":["post-19","page","type-page","status-publish","hentry"],"_links":{"self":[{"href":"https:\/\/piensalibre.lat\/index.php\/wp-json\/wp\/v2\/pages\/19","targetHints":{"allow":["GET"]}}],"collection":[{"href":"https:\/\/piensalibre.lat\/index.php\/wp-json\/wp\/v2\/pages"}],"about":[{"href":"https:\/\/piensalibre.lat\/index.php\/wp-json\/wp\/v2\/types\/page"}],"author":[{"embeddable":true,"href":"https:\/\/piensalibre.lat\/index.php\/wp-json\/wp\/v2\/users\/1"}],"replies":[{"embeddable":true,"href":"https:\/\/piensalibre.lat\/index.php\/wp-json\/wp\/v2\/comments?post=19"}],"version-history":[{"count":0,"href":"https:\/\/piensalibre.lat\/index.php\/wp-json\/wp\/v2\/pages\/19\/revisions"}],"wp:attachment":[{"href":"https:\/\/piensalibre.lat\/index.php\/wp-json\/wp\/v2\/media?parent=19"}],"curies":[{"name":"wp","href":"https:\/\/api.w.org\/{rel}","templated":true}]}}